{"id":791,"date":"2023-02-12T17:35:27","date_gmt":"2023-02-12T16:35:27","guid":{"rendered":"http:\/\/1dum.cz\/?post_type=product&#038;p=791"},"modified":"2025-09-10T11:05:21","modified_gmt":"2025-09-10T09:05:21","slug":"matica-rozety-m20x15-2","status":"publish","type":"product","link":"https:\/\/remot.org\/cs\/eshop\/jawa-50\/matica-rozety-m20x15-2\/","title":{"rendered":"Matica rozety M20x1,5"},"content":{"rendered":"","protected":false},"excerpt":{"rendered":"<p>N<span id=\"result_box\" class=\"short_text\" lang=\"sk\">a <span class=\"\">k\u013e\u00fa\u010d<\/span><\/span> 27<\/p>","protected":false},"featured_media":842,"template":"","meta":[],"product_brand":[],"product_cat":[26],"product_tag":[],"class_list":{"0":"post-791","1":"product","2":"type-product","3":"status-publish","4":"has-post-thumbnail","6":"product_cat-jawa-50","8":"first","9":"instock","10":"taxable","11":"shipping-taxable","12":"purchasable","13":"product-type-simple"},"aioseo_notices":[],"_links":{"self":[{"href":"https:\/\/remot.org\/cs\/wp-json\/wp\/v2\/product\/791","targetHints":{"allow":["GET"]}}],"collection":[{"href":"https:\/\/remot.org\/cs\/wp-json\/wp\/v2\/product"}],"about":[{"href":"https:\/\/remot.org\/cs\/wp-json\/wp\/v2\/types\/product"}],"wp:featuredmedia":[{"embeddable":true,"href":"https:\/\/remot.org\/cs\/wp-json\/wp\/v2\/media\/842"}],"wp:attachment":[{"href":"https:\/\/remot.org\/cs\/wp-json\/wp\/v2\/media?parent=791"}],"wp:term":[{"taxonomy":"product_brand","embeddable":true,"href":"https:\/\/remot.org\/cs\/wp-json\/wp\/v2\/product_brand?post=791"},{"taxonomy":"product_cat","embeddable":true,"href":"https:\/\/remot.org\/cs\/wp-json\/wp\/v2\/product_cat?post=791"},{"taxonomy":"product_tag","embeddable":true,"href":"https:\/\/remot.org\/cs\/wp-json\/wp\/v2\/product_tag?post=791"}],"curies":[{"name":"wp","href":"https:\/\/api.w.org\/{rel}","templated":true}]}}