{"id":704,"date":"2023-02-12T17:30:01","date_gmt":"2023-02-12T16:30:01","guid":{"rendered":"http:\/\/1dum.cz\/?post_type=product&#038;p=704"},"modified":"2023-02-12T17:33:24","modified_gmt":"2023-02-12T16:33:24","slug":"podlozka-axialnej-vole","status":"publish","type":"product","link":"https:\/\/remot.org\/cs\/eshop\/jawa-special\/podlozka-axialnej-vole\/","title":{"rendered":"Podlo\u017eka axi\u00e1lnej v\u00f4\u013ee"},"content":{"rendered":"","protected":false},"excerpt":{"rendered":"","protected":false},"featured_media":754,"template":"","meta":[],"product_brand":[],"product_cat":[37,38],"product_tag":[],"class_list":{"0":"post-704","1":"product","2":"type-product","3":"status-publish","4":"has-post-thumbnail","6":"product_cat-jawa-special","7":"product_cat-jawa-villiers","9":"first","10":"instock","11":"taxable","12":"shipping-taxable","13":"purchasable","14":"product-type-simple"},"aioseo_notices":[],"_links":{"self":[{"href":"https:\/\/remot.org\/cs\/wp-json\/wp\/v2\/product\/704","targetHints":{"allow":["GET"]}}],"collection":[{"href":"https:\/\/remot.org\/cs\/wp-json\/wp\/v2\/product"}],"about":[{"href":"https:\/\/remot.org\/cs\/wp-json\/wp\/v2\/types\/product"}],"wp:featuredmedia":[{"embeddable":true,"href":"https:\/\/remot.org\/cs\/wp-json\/wp\/v2\/media\/754"}],"wp:attachment":[{"href":"https:\/\/remot.org\/cs\/wp-json\/wp\/v2\/media?parent=704"}],"wp:term":[{"taxonomy":"product_brand","embeddable":true,"href":"https:\/\/remot.org\/cs\/wp-json\/wp\/v2\/product_brand?post=704"},{"taxonomy":"product_cat","embeddable":true,"href":"https:\/\/remot.org\/cs\/wp-json\/wp\/v2\/product_cat?post=704"},{"taxonomy":"product_tag","embeddable":true,"href":"https:\/\/remot.org\/cs\/wp-json\/wp\/v2\/product_tag?post=704"}],"curies":[{"name":"wp","href":"https:\/\/api.w.org\/{rel}","templated":true}]}}