{"id":62,"date":"2023-02-12T16:51:01","date_gmt":"2023-02-12T15:51:01","guid":{"rendered":"http:\/\/1dum.cz\/?post_type=product&#038;p=62"},"modified":"2023-02-12T16:54:08","modified_gmt":"2023-02-12T15:54:08","slug":"prepinac-svetla-standard","status":"publish","type":"product","link":"https:\/\/remot.org\/cs\/eshop\/cz-175-450-470\/prepinac-svetla-standard\/","title":{"rendered":"Prep\u00edna\u010d svetla \u0161tandard"},"content":{"rendered":"","protected":false},"excerpt":{"rendered":"<p>Vyrobeno podla dne\u0161n\u00e9 normy (s\u00fadob\u00e9\u00a0<span id=\"result_box\" class=\"short_text\" lang=\"sk\"><span class=\"\">skrutky<\/span><\/span>)<\/p>","protected":false},"featured_media":110,"template":"","meta":[],"product_brand":[],"product_cat":[21,22,16,33],"product_tag":[],"class_list":{"0":"post-62","1":"product","2":"type-product","3":"status-publish","4":"has-post-thumbnail","6":"product_cat-cz-175-450-470","7":"product_cat-cz-175-487-477","8":"product_cat-jawa-perak","9":"product_cat-manet-90","11":"first","12":"instock","13":"taxable","14":"shipping-taxable","15":"purchasable","16":"product-type-simple"},"aioseo_notices":[],"_links":{"self":[{"href":"https:\/\/remot.org\/cs\/wp-json\/wp\/v2\/product\/62","targetHints":{"allow":["GET"]}}],"collection":[{"href":"https:\/\/remot.org\/cs\/wp-json\/wp\/v2\/product"}],"about":[{"href":"https:\/\/remot.org\/cs\/wp-json\/wp\/v2\/types\/product"}],"wp:featuredmedia":[{"embeddable":true,"href":"https:\/\/remot.org\/cs\/wp-json\/wp\/v2\/media\/110"}],"wp:attachment":[{"href":"https:\/\/remot.org\/cs\/wp-json\/wp\/v2\/media?parent=62"}],"wp:term":[{"taxonomy":"product_brand","embeddable":true,"href":"https:\/\/remot.org\/cs\/wp-json\/wp\/v2\/product_brand?post=62"},{"taxonomy":"product_cat","embeddable":true,"href":"https:\/\/remot.org\/cs\/wp-json\/wp\/v2\/product_cat?post=62"},{"taxonomy":"product_tag","embeddable":true,"href":"https:\/\/remot.org\/cs\/wp-json\/wp\/v2\/product_tag?post=62"}],"curies":[{"name":"wp","href":"https:\/\/api.w.org\/{rel}","templated":true}]}}