{"id":615,"date":"2023-02-12T17:24:31","date_gmt":"2023-02-12T16:24:31","guid":{"rendered":"http:\/\/1dum.cz\/?post_type=product&#038;p=615"},"modified":"2023-04-06T16:19:07","modified_gmt":"2023-04-06T14:19:07","slug":"cz-175-a-250-sport-predvojnova-sada-skrutiek","status":"publish","type":"product","link":"https:\/\/remot.org\/cs\/eshop\/cz-175-250-sport-predvojnova\/cz-175-a-250-sport-predvojnova-sada-skrutiek\/","title":{"rendered":"\u010cz 175 a 250 \u0161port predvojnov\u00e1 sada skrutiek"},"content":{"rendered":"","protected":false},"excerpt":{"rendered":"","protected":false},"featured_media":139,"template":"","meta":[],"product_brand":[],"product_cat":[36],"product_tag":[],"class_list":{"0":"post-615","1":"product","2":"type-product","3":"status-publish","4":"has-post-thumbnail","6":"product_cat-cz-175-250-sport-predvojnova","8":"first","9":"instock","10":"taxable","11":"shipping-taxable","12":"purchasable","13":"product-type-variable"},"aioseo_notices":[],"_links":{"self":[{"href":"https:\/\/remot.org\/cs\/wp-json\/wp\/v2\/product\/615","targetHints":{"allow":["GET"]}}],"collection":[{"href":"https:\/\/remot.org\/cs\/wp-json\/wp\/v2\/product"}],"about":[{"href":"https:\/\/remot.org\/cs\/wp-json\/wp\/v2\/types\/product"}],"wp:featuredmedia":[{"embeddable":true,"href":"https:\/\/remot.org\/cs\/wp-json\/wp\/v2\/media\/139"}],"wp:attachment":[{"href":"https:\/\/remot.org\/cs\/wp-json\/wp\/v2\/media?parent=615"}],"wp:term":[{"taxonomy":"product_brand","embeddable":true,"href":"https:\/\/remot.org\/cs\/wp-json\/wp\/v2\/product_brand?post=615"},{"taxonomy":"product_cat","embeddable":true,"href":"https:\/\/remot.org\/cs\/wp-json\/wp\/v2\/product_cat?post=615"},{"taxonomy":"product_tag","embeddable":true,"href":"https:\/\/remot.org\/cs\/wp-json\/wp\/v2\/product_tag?post=615"}],"curies":[{"name":"wp","href":"https:\/\/api.w.org\/{rel}","templated":true}]}}