{"id":611,"date":"2023-02-12T17:24:30","date_gmt":"2023-02-12T16:24:30","guid":{"rendered":"http:\/\/1dum.cz\/?post_type=product&#038;p=611"},"modified":"2023-02-12T17:26:47","modified_gmt":"2023-02-12T16:26:47","slug":"tiahlo-rucneho-radenia-dlhsie","status":"publish","type":"product","link":"https:\/\/remot.org\/cs\/eshop\/cz-175-250-sport-predvojnova\/tiahlo-rucneho-radenia-dlhsie\/","title":{"rendered":"Tiahlo ru\u010dn\u00e9ho radenia dlh\u0161ie"},"content":{"rendered":"","protected":false},"excerpt":{"rendered":"","protected":false},"featured_media":652,"template":"","meta":[],"product_brand":[],"product_cat":[36],"product_tag":[],"class_list":{"0":"post-611","1":"product","2":"type-product","3":"status-publish","4":"has-post-thumbnail","6":"product_cat-cz-175-250-sport-predvojnova","8":"first","9":"instock","10":"taxable","11":"shipping-taxable","12":"purchasable","13":"product-type-simple"},"aioseo_notices":[],"_links":{"self":[{"href":"https:\/\/remot.org\/cs\/wp-json\/wp\/v2\/product\/611","targetHints":{"allow":["GET"]}}],"collection":[{"href":"https:\/\/remot.org\/cs\/wp-json\/wp\/v2\/product"}],"about":[{"href":"https:\/\/remot.org\/cs\/wp-json\/wp\/v2\/types\/product"}],"wp:featuredmedia":[{"embeddable":true,"href":"https:\/\/remot.org\/cs\/wp-json\/wp\/v2\/media\/652"}],"wp:attachment":[{"href":"https:\/\/remot.org\/cs\/wp-json\/wp\/v2\/media?parent=611"}],"wp:term":[{"taxonomy":"product_brand","embeddable":true,"href":"https:\/\/remot.org\/cs\/wp-json\/wp\/v2\/product_brand?post=611"},{"taxonomy":"product_cat","embeddable":true,"href":"https:\/\/remot.org\/cs\/wp-json\/wp\/v2\/product_cat?post=611"},{"taxonomy":"product_tag","embeddable":true,"href":"https:\/\/remot.org\/cs\/wp-json\/wp\/v2\/product_tag?post=611"}],"curies":[{"name":"wp","href":"https:\/\/api.w.org\/{rel}","templated":true}]}}