{"id":50,"date":"2023-02-12T16:50:09","date_gmt":"2023-02-12T15:50:09","guid":{"rendered":"http:\/\/1dum.cz\/?post_type=product&#038;p=50"},"modified":"2023-04-06T16:32:47","modified_gmt":"2023-04-06T14:32:47","slug":"sada-manet-90-original-prevedenie","status":"publish","type":"product","link":"https:\/\/remot.org\/cs\/eshop\/manet-90\/sada-manet-90-original-prevedenie\/","title":{"rendered":"Sada Manet 90 origin\u00e1l prevedenie"},"content":{"rendered":"","protected":false},"excerpt":{"rendered":"<p>Sada je vyroben\u00e1 podla origin\u00e1ln\u00fdch <span id=\"result_box\" class=\"short_text\" lang=\"sk\"><span class=\"\">skrutiek<\/span><\/span><\/p>","protected":false},"featured_media":96,"template":"","meta":[],"product_brand":[],"product_cat":[33],"product_tag":[],"class_list":{"0":"post-50","1":"product","2":"type-product","3":"status-publish","4":"has-post-thumbnail","6":"product_cat-manet-90","8":"first","9":"instock","10":"taxable","11":"shipping-taxable","12":"purchasable","13":"product-type-variable"},"aioseo_notices":[],"_links":{"self":[{"href":"https:\/\/remot.org\/cs\/wp-json\/wp\/v2\/product\/50","targetHints":{"allow":["GET"]}}],"collection":[{"href":"https:\/\/remot.org\/cs\/wp-json\/wp\/v2\/product"}],"about":[{"href":"https:\/\/remot.org\/cs\/wp-json\/wp\/v2\/types\/product"}],"wp:featuredmedia":[{"embeddable":true,"href":"https:\/\/remot.org\/cs\/wp-json\/wp\/v2\/media\/96"}],"wp:attachment":[{"href":"https:\/\/remot.org\/cs\/wp-json\/wp\/v2\/media?parent=50"}],"wp:term":[{"taxonomy":"product_brand","embeddable":true,"href":"https:\/\/remot.org\/cs\/wp-json\/wp\/v2\/product_brand?post=50"},{"taxonomy":"product_cat","embeddable":true,"href":"https:\/\/remot.org\/cs\/wp-json\/wp\/v2\/product_cat?post=50"},{"taxonomy":"product_tag","embeddable":true,"href":"https:\/\/remot.org\/cs\/wp-json\/wp\/v2\/product_tag?post=50"}],"curies":[{"name":"wp","href":"https:\/\/api.w.org\/{rel}","templated":true}]}}