{"id":49,"date":"2023-02-12T16:50:08","date_gmt":"2023-02-12T15:50:08","guid":{"rendered":"http:\/\/1dum.cz\/?post_type=product&#038;p=49"},"modified":"2023-04-06T16:33:47","modified_gmt":"2023-04-06T14:33:47","slug":"sada-manet-90-standard","status":"publish","type":"product","link":"https:\/\/remot.org\/cs\/eshop\/manet-90\/sada-manet-90-standard\/","title":{"rendered":"Sada Manet 90 standard"},"content":{"rendered":"","protected":false},"excerpt":{"rendered":"<p>Sada je vyroben\u00e1 podla dne\u0161n\u00e9 normy (s\u00fadob\u00e9 skrutky)<\/p>","protected":false},"featured_media":96,"template":"","meta":[],"product_brand":[],"product_cat":[33],"product_tag":[],"class_list":{"0":"post-49","1":"product","2":"type-product","3":"status-publish","4":"has-post-thumbnail","6":"product_cat-manet-90","8":"first","9":"instock","10":"taxable","11":"shipping-taxable","12":"purchasable","13":"product-type-simple"},"aioseo_notices":[],"_links":{"self":[{"href":"https:\/\/remot.org\/cs\/wp-json\/wp\/v2\/product\/49","targetHints":{"allow":["GET"]}}],"collection":[{"href":"https:\/\/remot.org\/cs\/wp-json\/wp\/v2\/product"}],"about":[{"href":"https:\/\/remot.org\/cs\/wp-json\/wp\/v2\/types\/product"}],"wp:featuredmedia":[{"embeddable":true,"href":"https:\/\/remot.org\/cs\/wp-json\/wp\/v2\/media\/96"}],"wp:attachment":[{"href":"https:\/\/remot.org\/cs\/wp-json\/wp\/v2\/media?parent=49"}],"wp:term":[{"taxonomy":"product_brand","embeddable":true,"href":"https:\/\/remot.org\/cs\/wp-json\/wp\/v2\/product_brand?post=49"},{"taxonomy":"product_cat","embeddable":true,"href":"https:\/\/remot.org\/cs\/wp-json\/wp\/v2\/product_cat?post=49"},{"taxonomy":"product_tag","embeddable":true,"href":"https:\/\/remot.org\/cs\/wp-json\/wp\/v2\/product_tag?post=49"}],"curies":[{"name":"wp","href":"https:\/\/api.w.org\/{rel}","templated":true}]}}