{"id":482,"date":"2023-02-12T17:17:29","date_gmt":"2023-02-12T16:17:29","guid":{"rendered":"http:\/\/1dum.cz\/?post_type=product&#038;p=482"},"modified":"2023-04-06T16:30:52","modified_gmt":"2023-04-06T14:30:52","slug":"kompletna-sada-cz-125-t-a-cz-125-b","status":"publish","type":"product","link":"https:\/\/remot.org\/cs\/eshop\/cz-125-t-a-cz-125-b\/kompletna-sada-cz-125-t-a-cz-125-b\/","title":{"rendered":"Kompletn\u00e1 sada \u010cZ 125 T a \u010cZ 125 B"},"content":{"rendered":"","protected":false},"excerpt":{"rendered":"<p>Sada skrutiek na motocykel \u010cZ 125 T a \u010cZ 125 B obsahuje skrutky na spojenie deklov motora, nalievanie a kontrolu hladiny oleja, \u0161tartovaciu a radiacu p\u00e1ku, skrutky a matice uchytenia motora do r\u00e1mu, skrutky na blatn\u00edky, v\u00fdfuky, kastl\u00edky, h\u00faka\u010dku, stupa\u010dky, predn\u00fa masku, predn\u00fa vidlu, zadn\u00e9 a predn\u00e9 svetlo, skrutky na p\u00e1\u010dky, n\u00e1dr\u017e, matky brzdov\u00fdch k\u013e\u00fa\u010dov a prep\u00edna\u010d svetla. A r\u00f4zne \u0161pecialy ako napr : dvojz\u00e1chyt lanka, matice M10 x 1 prednej vidlice, skrutky sedla.<\/p>\n<p>Vyr\u00e1ban\u00e9 \u0161peci\u00e1ly v nerezovej sade M8*1 s\u00fa na 14-ku kl\u00fa\u010d a s\u00fa dodr\u017ean\u00e9 aj st\u00fapania z\u00e1vitov. Set skrutiek obsahuje p\u00e1r \u0161tandarn\u00fdch skrutiek M4, M5 a M6, tak isto z le\u0161tenej nereze. Skrutky maj\u00fa driekov\u00e9 z\u00e1vity.<\/p>\n<p>Skrutky s\u00fa vyr\u00e1ban\u00e9 pod\u013ea origin\u00e1lu po\u013egulat\u00e9 alebo na 11 tku a 14 tku \u0161es\u0165 hran a skrutky maj\u00fa driekov\u00e9 z\u00e1vity. Set skrutiek obsahuje spolu 89 ks skrutiek a \u0161pecialov + matice, podlo\u017eky a p\u00e9rovky rozdelen\u00e9 do s\u00e1\u010dkov z popismi.<\/p>\n<p>NEOBSAHUJE:<br \/>\nSada na \u010cZ 125 T a \u010cZ 125 B neobsahuje osky a matice kolies, skrutky uz\u00e1veru kastl\u00edkov, alebo skrutku riadenia, osku prednej vidlice, tiahlo brzdy s maticou, skrutky hlavy valca ani tandemu.<\/p>","protected":false},"featured_media":524,"template":"","meta":[],"product_brand":[],"product_cat":[19],"product_tag":[],"class_list":{"0":"post-482","1":"product","2":"type-product","3":"status-publish","4":"has-post-thumbnail","6":"product_cat-cz-125-t-a-cz-125-b","8":"first","9":"instock","10":"taxable","11":"shipping-taxable","12":"purchasable","13":"product-type-variable"},"aioseo_notices":[],"_links":{"self":[{"href":"https:\/\/remot.org\/cs\/wp-json\/wp\/v2\/product\/482","targetHints":{"allow":["GET"]}}],"collection":[{"href":"https:\/\/remot.org\/cs\/wp-json\/wp\/v2\/product"}],"about":[{"href":"https:\/\/remot.org\/cs\/wp-json\/wp\/v2\/types\/product"}],"wp:featuredmedia":[{"embeddable":true,"href":"https:\/\/remot.org\/cs\/wp-json\/wp\/v2\/media\/524"}],"wp:attachment":[{"href":"https:\/\/remot.org\/cs\/wp-json\/wp\/v2\/media?parent=482"}],"wp:term":[{"taxonomy":"product_brand","embeddable":true,"href":"https:\/\/remot.org\/cs\/wp-json\/wp\/v2\/product_brand?post=482"},{"taxonomy":"product_cat","embeddable":true,"href":"https:\/\/remot.org\/cs\/wp-json\/wp\/v2\/product_cat?post=482"},{"taxonomy":"product_tag","embeddable":true,"href":"https:\/\/remot.org\/cs\/wp-json\/wp\/v2\/product_tag?post=482"}],"curies":[{"name":"wp","href":"https:\/\/api.w.org\/{rel}","templated":true}]}}