{"id":48,"date":"2023-02-12T16:50:08","date_gmt":"2023-02-12T15:50:08","guid":{"rendered":"http:\/\/1dum.cz\/?post_type=product&#038;p=48"},"modified":"2023-02-12T16:52:55","modified_gmt":"2023-02-12T15:52:55","slug":"skrutka-m4x10-zadne-svetlo-a-spinacka","status":"publish","type":"product","link":"https:\/\/remot.org\/cs\/eshop\/manet-90\/skrutka-m4x10-zadne-svetlo-a-spinacka\/","title":{"rendered":"Skrutka M4x10 zadn\u00e9 svetlo a sp\u00edna\u010dka"},"content":{"rendered":"","protected":false},"excerpt":{"rendered":"","protected":false},"featured_media":95,"template":"","meta":[],"product_brand":[],"product_cat":[33],"product_tag":[],"class_list":{"0":"post-48","1":"product","2":"type-product","3":"status-publish","4":"has-post-thumbnail","6":"product_cat-manet-90","8":"first","9":"instock","10":"taxable","11":"shipping-taxable","12":"purchasable","13":"product-type-simple"},"aioseo_notices":[],"_links":{"self":[{"href":"https:\/\/remot.org\/cs\/wp-json\/wp\/v2\/product\/48","targetHints":{"allow":["GET"]}}],"collection":[{"href":"https:\/\/remot.org\/cs\/wp-json\/wp\/v2\/product"}],"about":[{"href":"https:\/\/remot.org\/cs\/wp-json\/wp\/v2\/types\/product"}],"wp:featuredmedia":[{"embeddable":true,"href":"https:\/\/remot.org\/cs\/wp-json\/wp\/v2\/media\/95"}],"wp:attachment":[{"href":"https:\/\/remot.org\/cs\/wp-json\/wp\/v2\/media?parent=48"}],"wp:term":[{"taxonomy":"product_brand","embeddable":true,"href":"https:\/\/remot.org\/cs\/wp-json\/wp\/v2\/product_brand?post=48"},{"taxonomy":"product_cat","embeddable":true,"href":"https:\/\/remot.org\/cs\/wp-json\/wp\/v2\/product_cat?post=48"},{"taxonomy":"product_tag","embeddable":true,"href":"https:\/\/remot.org\/cs\/wp-json\/wp\/v2\/product_tag?post=48"}],"curies":[{"name":"wp","href":"https:\/\/api.w.org\/{rel}","templated":true}]}}