{"id":41,"date":"2023-02-12T16:49:45","date_gmt":"2023-02-12T15:49:45","guid":{"rendered":"http:\/\/1dum.cz\/?post_type=product&#038;p=41"},"modified":"2025-02-10T13:17:51","modified_gmt":"2025-02-10T12:17:51","slug":"sponovaky-m6","status":"publish","type":"product","link":"https:\/\/remot.org\/cs\/eshop\/manet-90\/sponovaky-m6\/","title":{"rendered":"\u0160ponov\u00e1ky"},"content":{"rendered":"","protected":false},"excerpt":{"rendered":"<p>Sponov\u00e1ky re\u0165aze od roku 1951<\/p>","protected":false},"featured_media":86,"template":"","meta":[],"product_brand":[],"product_cat":[33],"product_tag":[],"class_list":{"0":"post-41","1":"product","2":"type-product","3":"status-publish","4":"has-post-thumbnail","6":"product_cat-manet-90","8":"first","9":"instock","10":"taxable","11":"shipping-taxable","12":"purchasable","13":"product-type-simple"},"aioseo_notices":[],"_links":{"self":[{"href":"https:\/\/remot.org\/cs\/wp-json\/wp\/v2\/product\/41","targetHints":{"allow":["GET"]}}],"collection":[{"href":"https:\/\/remot.org\/cs\/wp-json\/wp\/v2\/product"}],"about":[{"href":"https:\/\/remot.org\/cs\/wp-json\/wp\/v2\/types\/product"}],"wp:featuredmedia":[{"embeddable":true,"href":"https:\/\/remot.org\/cs\/wp-json\/wp\/v2\/media\/86"}],"wp:attachment":[{"href":"https:\/\/remot.org\/cs\/wp-json\/wp\/v2\/media?parent=41"}],"wp:term":[{"taxonomy":"product_brand","embeddable":true,"href":"https:\/\/remot.org\/cs\/wp-json\/wp\/v2\/product_brand?post=41"},{"taxonomy":"product_cat","embeddable":true,"href":"https:\/\/remot.org\/cs\/wp-json\/wp\/v2\/product_cat?post=41"},{"taxonomy":"product_tag","embeddable":true,"href":"https:\/\/remot.org\/cs\/wp-json\/wp\/v2\/product_tag?post=41"}],"curies":[{"name":"wp","href":"https:\/\/api.w.org\/{rel}","templated":true}]}}