{"id":390,"date":"2023-02-12T17:12:10","date_gmt":"2023-02-12T16:12:10","guid":{"rendered":"http:\/\/1dum.cz\/?post_type=product&#038;p=390"},"modified":"2025-06-19T15:20:52","modified_gmt":"2025-06-19T13:20:52","slug":"zatka-prednych-tlmicov-m-6","status":"publish","type":"product","link":"https:\/\/remot.org\/cs\/eshop\/cz-175-450-470\/zatka-prednych-tlmicov-m-6\/","title":{"rendered":"Z\u00e1tka predn\u00fdch tlmi\u010dov so z\u00e1vitom M6"},"content":{"rendered":"","protected":false},"excerpt":{"rendered":"","protected":false},"featured_media":1671,"template":"","meta":[],"product_brand":[],"product_cat":[21,22,24,25,51,29,30,55],"product_tag":[],"class_list":{"0":"post-390","1":"product","2":"type-product","3":"status-publish","4":"has-post-thumbnail","6":"product_cat-cz-175-450-470","7":"product_cat-cz-175-487-477","8":"product_cat-cz-250-455","9":"product_cat-jawa-250-350","10":"product_cat-jawa-634","11":"product_cat-jawa-californian","12":"product_cat-jawa-cz-175-356","13":"product_cat-jawa-libenak","15":"first","16":"instock","17":"taxable","18":"shipping-taxable","19":"purchasable","20":"product-type-simple"},"aioseo_notices":[],"_links":{"self":[{"href":"https:\/\/remot.org\/cs\/wp-json\/wp\/v2\/product\/390","targetHints":{"allow":["GET"]}}],"collection":[{"href":"https:\/\/remot.org\/cs\/wp-json\/wp\/v2\/product"}],"about":[{"href":"https:\/\/remot.org\/cs\/wp-json\/wp\/v2\/types\/product"}],"wp:featuredmedia":[{"embeddable":true,"href":"https:\/\/remot.org\/cs\/wp-json\/wp\/v2\/media\/1671"}],"wp:attachment":[{"href":"https:\/\/remot.org\/cs\/wp-json\/wp\/v2\/media?parent=390"}],"wp:term":[{"taxonomy":"product_brand","embeddable":true,"href":"https:\/\/remot.org\/cs\/wp-json\/wp\/v2\/product_brand?post=390"},{"taxonomy":"product_cat","embeddable":true,"href":"https:\/\/remot.org\/cs\/wp-json\/wp\/v2\/product_cat?post=390"},{"taxonomy":"product_tag","embeddable":true,"href":"https:\/\/remot.org\/cs\/wp-json\/wp\/v2\/product_tag?post=390"}],"curies":[{"name":"wp","href":"https:\/\/api.w.org\/{rel}","templated":true}]}}