{"id":363,"date":"2023-02-12T17:10:14","date_gmt":"2023-02-12T16:10:14","guid":{"rendered":"http:\/\/1dum.cz\/?post_type=product&#038;p=363"},"modified":"2025-02-02T23:55:08","modified_gmt":"2025-02-02T22:55:08","slug":"skrutka-prednych-tlmicov-s-podlozkami","status":"publish","type":"product","link":"https:\/\/remot.org\/cs\/eshop\/jawa-634\/skrutka-prednych-tlmicov-s-podlozkami\/","title":{"rendered":"Skrutka predn\u00fdch tlmi\u010dov s podlo\u017ekami"},"content":{"rendered":"","protected":false},"excerpt":{"rendered":"","protected":false},"featured_media":404,"template":"","meta":[],"product_brand":[],"product_cat":[51,29],"product_tag":[],"class_list":{"0":"post-363","1":"product","2":"type-product","3":"status-publish","4":"has-post-thumbnail","6":"product_cat-jawa-634","7":"product_cat-jawa-californian","9":"first","10":"instock","11":"taxable","12":"shipping-taxable","13":"purchasable","14":"product-type-simple"},"aioseo_notices":[],"_links":{"self":[{"href":"https:\/\/remot.org\/cs\/wp-json\/wp\/v2\/product\/363","targetHints":{"allow":["GET"]}}],"collection":[{"href":"https:\/\/remot.org\/cs\/wp-json\/wp\/v2\/product"}],"about":[{"href":"https:\/\/remot.org\/cs\/wp-json\/wp\/v2\/types\/product"}],"wp:featuredmedia":[{"embeddable":true,"href":"https:\/\/remot.org\/cs\/wp-json\/wp\/v2\/media\/404"}],"wp:attachment":[{"href":"https:\/\/remot.org\/cs\/wp-json\/wp\/v2\/media?parent=363"}],"wp:term":[{"taxonomy":"product_brand","embeddable":true,"href":"https:\/\/remot.org\/cs\/wp-json\/wp\/v2\/product_brand?post=363"},{"taxonomy":"product_cat","embeddable":true,"href":"https:\/\/remot.org\/cs\/wp-json\/wp\/v2\/product_cat?post=363"},{"taxonomy":"product_tag","embeddable":true,"href":"https:\/\/remot.org\/cs\/wp-json\/wp\/v2\/product_tag?post=363"}],"curies":[{"name":"wp","href":"https:\/\/api.w.org\/{rel}","templated":true}]}}