{"id":34,"date":"2023-02-12T16:49:44","date_gmt":"2023-02-12T15:49:44","guid":{"rendered":"http:\/\/1dum.cz\/?post_type=product&#038;p=34"},"modified":"2025-04-30T15:14:16","modified_gmt":"2025-04-30T13:14:16","slug":"zadna-oska-babetta-207","status":"publish","type":"product","link":"https:\/\/remot.org\/cs\/eshop\/babetta-207\/zadna-oska-babetta-207\/","title":{"rendered":"Zadn\u00e1 oska"},"content":{"rendered":"<div id=\"-product-description-31-888\" class=\"oxy-product-description oxy-woo-element\">\n<p>D\u013a\u017eka osky je 175 mm bez hlavy, z\u00e1vit M12 x 1,5<\/p>\n<\/div>","protected":false},"excerpt":{"rendered":"<p>D\u013a\u017eka osky je 175 mm bez hlavy, z\u00e1vit M12 x 1,5<\/p>","protected":false},"featured_media":971,"template":"","meta":[],"product_brand":[],"product_cat":[57],"product_tag":[],"class_list":{"0":"post-34","1":"product","2":"type-product","3":"status-publish","4":"has-post-thumbnail","6":"product_cat-babetta-207","8":"first","9":"instock","10":"taxable","11":"shipping-taxable","12":"purchasable","13":"product-type-simple"},"aioseo_notices":[],"_links":{"self":[{"href":"https:\/\/remot.org\/cs\/wp-json\/wp\/v2\/product\/34","targetHints":{"allow":["GET"]}}],"collection":[{"href":"https:\/\/remot.org\/cs\/wp-json\/wp\/v2\/product"}],"about":[{"href":"https:\/\/remot.org\/cs\/wp-json\/wp\/v2\/types\/product"}],"wp:featuredmedia":[{"embeddable":true,"href":"https:\/\/remot.org\/cs\/wp-json\/wp\/v2\/media\/971"}],"wp:attachment":[{"href":"https:\/\/remot.org\/cs\/wp-json\/wp\/v2\/media?parent=34"}],"wp:term":[{"taxonomy":"product_brand","embeddable":true,"href":"https:\/\/remot.org\/cs\/wp-json\/wp\/v2\/product_brand?post=34"},{"taxonomy":"product_cat","embeddable":true,"href":"https:\/\/remot.org\/cs\/wp-json\/wp\/v2\/product_cat?post=34"},{"taxonomy":"product_tag","embeddable":true,"href":"https:\/\/remot.org\/cs\/wp-json\/wp\/v2\/product_tag?post=34"}],"curies":[{"name":"wp","href":"https:\/\/api.w.org\/{rel}","templated":true}]}}