{"id":309,"date":"2023-02-12T17:07:06","date_gmt":"2023-02-12T16:07:06","guid":{"rendered":"http:\/\/1dum.cz\/?post_type=product&#038;p=309"},"modified":"2025-08-18T16:56:30","modified_gmt":"2025-08-18T14:56:30","slug":"matica-riadenia-m26x1","status":"publish","type":"product","link":"https:\/\/remot.org\/cs\/eshop\/jawa-550\/matica-riadenia-m26x1\/","title":{"rendered":"Matice riadenia M26x1 - p\u00e1r"},"content":{"rendered":"<p>Uveden\u00e1 cena je za p\u00e1r<\/p>","protected":false},"excerpt":{"rendered":"<p>Uveden\u00e1 cena je za p\u00e1r<\/p>","protected":false},"featured_media":348,"template":"","meta":[],"product_brand":[],"product_cat":[18,28,16,32,34,35],"product_tag":[],"class_list":{"0":"post-309","1":"product","2":"type-product","3":"status-publish","4":"has-post-thumbnail","6":"product_cat-jawa-550","7":"product_cat-jawa-555","8":"product_cat-jawa-perak","9":"product_cat-jawetta","10":"product_cat-stadion-s11","11":"product_cat-stadion-s22","13":"first","14":"instock","15":"taxable","16":"shipping-taxable","17":"purchasable","18":"product-type-simple"},"aioseo_notices":[],"_links":{"self":[{"href":"https:\/\/remot.org\/cs\/wp-json\/wp\/v2\/product\/309","targetHints":{"allow":["GET"]}}],"collection":[{"href":"https:\/\/remot.org\/cs\/wp-json\/wp\/v2\/product"}],"about":[{"href":"https:\/\/remot.org\/cs\/wp-json\/wp\/v2\/types\/product"}],"wp:featuredmedia":[{"embeddable":true,"href":"https:\/\/remot.org\/cs\/wp-json\/wp\/v2\/media\/348"}],"wp:attachment":[{"href":"https:\/\/remot.org\/cs\/wp-json\/wp\/v2\/media?parent=309"}],"wp:term":[{"taxonomy":"product_brand","embeddable":true,"href":"https:\/\/remot.org\/cs\/wp-json\/wp\/v2\/product_brand?post=309"},{"taxonomy":"product_cat","embeddable":true,"href":"https:\/\/remot.org\/cs\/wp-json\/wp\/v2\/product_cat?post=309"},{"taxonomy":"product_tag","embeddable":true,"href":"https:\/\/remot.org\/cs\/wp-json\/wp\/v2\/product_tag?post=309"}],"curies":[{"name":"wp","href":"https:\/\/api.w.org\/{rel}","templated":true}]}}