{"id":284,"date":"2023-02-12T17:05:42","date_gmt":"2023-02-12T16:05:42","guid":{"rendered":"http:\/\/1dum.cz\/?post_type=product&#038;p=284"},"modified":"2023-05-09T10:34:01","modified_gmt":"2023-05-09T08:34:01","slug":"skrutky-kastlikov-s-vnutornym-radiusom","status":"publish","type":"product","link":"https:\/\/remot.org\/cs\/eshop\/cz-150-c\/skrutky-kastlikov-s-vnutornym-radiusom\/","title":{"rendered":"Skrutky kastl\u00edkov s vn\u00fatorn\u00fdm r\u00e1diusom"},"content":{"rendered":"","protected":false},"excerpt":{"rendered":"<p><span id=\"result_box\" class=\"short_text\" lang=\"sk\">Cena je uveden\u00e1 za <span class=\"\">p\u00e1r<\/span><\/span><\/p>","protected":false},"featured_media":321,"template":"","meta":[],"product_brand":[],"product_cat":[20,27,16],"product_tag":[],"class_list":{"0":"post-284","1":"product","2":"type-product","3":"status-publish","4":"has-post-thumbnail","6":"product_cat-cz-150-c","7":"product_cat-jawa-500-ohc","8":"product_cat-jawa-perak","10":"first","11":"instock","12":"taxable","13":"shipping-taxable","14":"purchasable","15":"product-type-simple"},"aioseo_notices":[],"_links":{"self":[{"href":"https:\/\/remot.org\/cs\/wp-json\/wp\/v2\/product\/284","targetHints":{"allow":["GET"]}}],"collection":[{"href":"https:\/\/remot.org\/cs\/wp-json\/wp\/v2\/product"}],"about":[{"href":"https:\/\/remot.org\/cs\/wp-json\/wp\/v2\/types\/product"}],"wp:featuredmedia":[{"embeddable":true,"href":"https:\/\/remot.org\/cs\/wp-json\/wp\/v2\/media\/321"}],"wp:attachment":[{"href":"https:\/\/remot.org\/cs\/wp-json\/wp\/v2\/media?parent=284"}],"wp:term":[{"taxonomy":"product_brand","embeddable":true,"href":"https:\/\/remot.org\/cs\/wp-json\/wp\/v2\/product_brand?post=284"},{"taxonomy":"product_cat","embeddable":true,"href":"https:\/\/remot.org\/cs\/wp-json\/wp\/v2\/product_cat?post=284"},{"taxonomy":"product_tag","embeddable":true,"href":"https:\/\/remot.org\/cs\/wp-json\/wp\/v2\/product_tag?post=284"}],"curies":[{"name":"wp","href":"https:\/\/api.w.org\/{rel}","templated":true}]}}