{"id":234,"date":"2023-02-12T17:01:45","date_gmt":"2023-02-12T16:01:45","guid":{"rendered":"http:\/\/1dum.cz\/?post_type=product&#038;p=234"},"modified":"2025-04-30T11:34:02","modified_gmt":"2025-04-30T09:34:02","slug":"skrutka-laveho-vika-m8x50","status":"publish","type":"product","link":"https:\/\/remot.org\/cs\/eshop\/jawa-250-350\/skrutka-laveho-vika-m8x50\/","title":{"rendered":"Skrutka \u013eav\u00e9ho v\u00edka M8x50"},"content":{"rendered":"","protected":false},"excerpt":{"rendered":"","protected":false},"featured_media":288,"template":"","meta":[],"product_brand":[],"product_cat":[25,27,29,55,16],"product_tag":[],"class_list":{"0":"post-234","1":"product","2":"type-product","3":"status-publish","4":"has-post-thumbnail","6":"product_cat-jawa-250-350","7":"product_cat-jawa-500-ohc","8":"product_cat-jawa-californian","9":"product_cat-jawa-libenak","10":"product_cat-jawa-perak","12":"first","13":"instock","14":"taxable","15":"shipping-taxable","16":"purchasable","17":"product-type-variable"},"aioseo_notices":[],"_links":{"self":[{"href":"https:\/\/remot.org\/cs\/wp-json\/wp\/v2\/product\/234","targetHints":{"allow":["GET"]}}],"collection":[{"href":"https:\/\/remot.org\/cs\/wp-json\/wp\/v2\/product"}],"about":[{"href":"https:\/\/remot.org\/cs\/wp-json\/wp\/v2\/types\/product"}],"wp:featuredmedia":[{"embeddable":true,"href":"https:\/\/remot.org\/cs\/wp-json\/wp\/v2\/media\/288"}],"wp:attachment":[{"href":"https:\/\/remot.org\/cs\/wp-json\/wp\/v2\/media?parent=234"}],"wp:term":[{"taxonomy":"product_brand","embeddable":true,"href":"https:\/\/remot.org\/cs\/wp-json\/wp\/v2\/product_brand?post=234"},{"taxonomy":"product_cat","embeddable":true,"href":"https:\/\/remot.org\/cs\/wp-json\/wp\/v2\/product_cat?post=234"},{"taxonomy":"product_tag","embeddable":true,"href":"https:\/\/remot.org\/cs\/wp-json\/wp\/v2\/product_tag?post=234"}],"curies":[{"name":"wp","href":"https:\/\/api.w.org\/{rel}","templated":true}]}}