{"id":233,"date":"2023-02-12T17:01:45","date_gmt":"2023-02-12T16:01:45","guid":{"rendered":"http:\/\/1dum.cz\/?post_type=product&#038;p=233"},"modified":"2025-04-30T11:33:54","modified_gmt":"2025-04-30T09:33:54","slug":"skrutka-laveho-vika-m8x40","status":"publish","type":"product","link":"https:\/\/remot.org\/cs\/eshop\/jawa-250-350\/skrutka-laveho-vika-m8x40\/","title":{"rendered":"Skrutka \u013eav\u00e9ho v\u00edka M8x40"},"content":{"rendered":"","protected":false},"excerpt":{"rendered":"","protected":false},"featured_media":287,"template":"","meta":[],"product_brand":[],"product_cat":[25,27,29,55],"product_tag":[],"class_list":{"0":"post-233","1":"product","2":"type-product","3":"status-publish","4":"has-post-thumbnail","6":"product_cat-jawa-250-350","7":"product_cat-jawa-500-ohc","8":"product_cat-jawa-californian","9":"product_cat-jawa-libenak","11":"first","12":"instock","13":"taxable","14":"shipping-taxable","15":"purchasable","16":"product-type-variable"},"aioseo_notices":[],"_links":{"self":[{"href":"https:\/\/remot.org\/cs\/wp-json\/wp\/v2\/product\/233","targetHints":{"allow":["GET"]}}],"collection":[{"href":"https:\/\/remot.org\/cs\/wp-json\/wp\/v2\/product"}],"about":[{"href":"https:\/\/remot.org\/cs\/wp-json\/wp\/v2\/types\/product"}],"wp:featuredmedia":[{"embeddable":true,"href":"https:\/\/remot.org\/cs\/wp-json\/wp\/v2\/media\/287"}],"wp:attachment":[{"href":"https:\/\/remot.org\/cs\/wp-json\/wp\/v2\/media?parent=233"}],"wp:term":[{"taxonomy":"product_brand","embeddable":true,"href":"https:\/\/remot.org\/cs\/wp-json\/wp\/v2\/product_brand?post=233"},{"taxonomy":"product_cat","embeddable":true,"href":"https:\/\/remot.org\/cs\/wp-json\/wp\/v2\/product_cat?post=233"},{"taxonomy":"product_tag","embeddable":true,"href":"https:\/\/remot.org\/cs\/wp-json\/wp\/v2\/product_tag?post=233"}],"curies":[{"name":"wp","href":"https:\/\/api.w.org\/{rel}","templated":true}]}}