{"id":212,"date":"2023-02-12T17:00:22","date_gmt":"2023-02-12T16:00:22","guid":{"rendered":"http:\/\/1dum.cz\/?post_type=product&#038;p=212"},"modified":"2023-02-12T17:04:16","modified_gmt":"2023-02-12T16:04:16","slug":"holender-m16x1-5-predlzeny","status":"publish","type":"product","link":"https:\/\/remot.org\/cs\/eshop\/jawa-500-ohc\/holender-m16x1-5-predlzeny\/","title":{"rendered":"Holender M16x1.5 pred\u013a\u017een\u00fd"},"content":{"rendered":"","protected":false},"excerpt":{"rendered":"","protected":false},"featured_media":262,"template":"","meta":[],"product_brand":[],"product_cat":[27],"product_tag":[],"class_list":{"0":"post-212","1":"product","2":"type-product","3":"status-publish","4":"has-post-thumbnail","6":"product_cat-jawa-500-ohc","8":"first","9":"instock","10":"taxable","11":"shipping-taxable","12":"purchasable","13":"product-type-simple"},"aioseo_notices":[],"_links":{"self":[{"href":"https:\/\/remot.org\/cs\/wp-json\/wp\/v2\/product\/212","targetHints":{"allow":["GET"]}}],"collection":[{"href":"https:\/\/remot.org\/cs\/wp-json\/wp\/v2\/product"}],"about":[{"href":"https:\/\/remot.org\/cs\/wp-json\/wp\/v2\/types\/product"}],"wp:featuredmedia":[{"embeddable":true,"href":"https:\/\/remot.org\/cs\/wp-json\/wp\/v2\/media\/262"}],"wp:attachment":[{"href":"https:\/\/remot.org\/cs\/wp-json\/wp\/v2\/media?parent=212"}],"wp:term":[{"taxonomy":"product_brand","embeddable":true,"href":"https:\/\/remot.org\/cs\/wp-json\/wp\/v2\/product_brand?post=212"},{"taxonomy":"product_cat","embeddable":true,"href":"https:\/\/remot.org\/cs\/wp-json\/wp\/v2\/product_cat?post=212"},{"taxonomy":"product_tag","embeddable":true,"href":"https:\/\/remot.org\/cs\/wp-json\/wp\/v2\/product_tag?post=212"}],"curies":[{"name":"wp","href":"https:\/\/api.w.org\/{rel}","templated":true}]}}