{"id":1980,"date":"2026-05-12T14:31:04","date_gmt":"2026-05-12T12:31:04","guid":{"rendered":"https:\/\/remot.org\/?post_type=product&#038;p=1980"},"modified":"2026-05-12T14:33:53","modified_gmt":"2026-05-12T12:33:53","slug":"cap-pruziny-sedla-s-valcekmi-z-lestenej-nereze","status":"publish","type":"product","link":"https:\/\/remot.org\/cs\/eshop\/jawa-perak\/cap-pruziny-sedla-s-valcekmi-z-lestenej-nereze\/","title":{"rendered":"\u010cap pru\u017einy sedla s val\u010dekmi z le\u0161tenej nereze"},"content":{"rendered":"","protected":false},"excerpt":{"rendered":"","protected":false},"featured_media":1982,"template":"","meta":[],"product_brand":[],"product_cat":[16],"product_tag":[],"class_list":{"0":"post-1980","1":"product","2":"type-product","3":"status-publish","4":"has-post-thumbnail","6":"product_cat-jawa-perak","8":"first","9":"instock","10":"taxable","11":"shipping-taxable","12":"purchasable","13":"product-type-simple"},"aioseo_notices":[],"_links":{"self":[{"href":"https:\/\/remot.org\/cs\/wp-json\/wp\/v2\/product\/1980","targetHints":{"allow":["GET"]}}],"collection":[{"href":"https:\/\/remot.org\/cs\/wp-json\/wp\/v2\/product"}],"about":[{"href":"https:\/\/remot.org\/cs\/wp-json\/wp\/v2\/types\/product"}],"wp:featuredmedia":[{"embeddable":true,"href":"https:\/\/remot.org\/cs\/wp-json\/wp\/v2\/media\/1982"}],"wp:attachment":[{"href":"https:\/\/remot.org\/cs\/wp-json\/wp\/v2\/media?parent=1980"}],"wp:term":[{"taxonomy":"product_brand","embeddable":true,"href":"https:\/\/remot.org\/cs\/wp-json\/wp\/v2\/product_brand?post=1980"},{"taxonomy":"product_cat","embeddable":true,"href":"https:\/\/remot.org\/cs\/wp-json\/wp\/v2\/product_cat?post=1980"},{"taxonomy":"product_tag","embeddable":true,"href":"https:\/\/remot.org\/cs\/wp-json\/wp\/v2\/product_tag?post=1980"}],"curies":[{"name":"wp","href":"https:\/\/api.w.org\/{rel}","templated":true}]}}