{"id":1949,"date":"2026-03-24T16:26:30","date_gmt":"2026-03-24T15:26:30","guid":{"rendered":"https:\/\/remot.org\/?post_type=product&#038;p=1949"},"modified":"2026-03-24T16:29:01","modified_gmt":"2026-03-24T15:29:01","slug":"sada-skrutiek-karoserie-a-interieru-aero","status":"publish","type":"product","link":"https:\/\/remot.org\/cs\/eshop\/aero-30-aero-50\/sada-skrutiek-karoserie-a-interieru-aero\/","title":{"rendered":"Sada skrutiek interi\u00e9ru a karos\u00e9rie"},"content":{"rendered":"","protected":false},"excerpt":{"rendered":"<p>Sada pre kolesa - sada skrutiek a mat\u00edc na Aero 30 a Aero 50 obsahuje 20 ks skrutiek, 20 ks n\u00edzk\u00fdch mat\u00edc a 20 ks vysok\u00fdch mat\u00edc na spojenie n\u00e1bojov kolies, vyroben\u00e9 podla origin\u00e1lu z ocele 12 050.<\/p>","protected":false},"featured_media":1950,"template":"","meta":[],"product_brand":[],"product_cat":[44],"product_tag":[],"class_list":{"0":"post-1949","1":"product","2":"type-product","3":"status-publish","4":"has-post-thumbnail","6":"product_cat-aero-30-aero-50","8":"first","9":"instock","10":"taxable","11":"shipping-taxable","12":"purchasable","13":"product-type-simple"},"aioseo_notices":[],"_links":{"self":[{"href":"https:\/\/remot.org\/cs\/wp-json\/wp\/v2\/product\/1949","targetHints":{"allow":["GET"]}}],"collection":[{"href":"https:\/\/remot.org\/cs\/wp-json\/wp\/v2\/product"}],"about":[{"href":"https:\/\/remot.org\/cs\/wp-json\/wp\/v2\/types\/product"}],"wp:featuredmedia":[{"embeddable":true,"href":"https:\/\/remot.org\/cs\/wp-json\/wp\/v2\/media\/1950"}],"wp:attachment":[{"href":"https:\/\/remot.org\/cs\/wp-json\/wp\/v2\/media?parent=1949"}],"wp:term":[{"taxonomy":"product_brand","embeddable":true,"href":"https:\/\/remot.org\/cs\/wp-json\/wp\/v2\/product_brand?post=1949"},{"taxonomy":"product_cat","embeddable":true,"href":"https:\/\/remot.org\/cs\/wp-json\/wp\/v2\/product_cat?post=1949"},{"taxonomy":"product_tag","embeddable":true,"href":"https:\/\/remot.org\/cs\/wp-json\/wp\/v2\/product_tag?post=1949"}],"curies":[{"name":"wp","href":"https:\/\/api.w.org\/{rel}","templated":true}]}}