{"id":1843,"date":"2025-09-29T15:16:25","date_gmt":"2025-09-29T13:16:25","guid":{"rendered":"https:\/\/remot.org\/?post_type=product&#038;p=1843"},"modified":"2025-09-29T15:20:03","modified_gmt":"2025-09-29T13:20:03","slug":"horna-skrutka-prednych-tlmicov-s-polozkou","status":"publish","type":"product","link":"https:\/\/remot.org\/cs\/eshop\/cz-175-487-477\/horna-skrutka-prednych-tlmicov-s-polozkou\/","title":{"rendered":"Horn\u00e1 skrutka predn\u00fdch tlmi\u010dov s podlo\u017ekou"},"content":{"rendered":"","protected":false},"excerpt":{"rendered":"","protected":false},"featured_media":1838,"template":"","meta":[],"product_brand":[],"product_cat":[22],"product_tag":[],"class_list":{"0":"post-1843","1":"product","2":"type-product","3":"status-publish","4":"has-post-thumbnail","6":"product_cat-cz-175-487-477","8":"first","9":"instock","10":"taxable","11":"shipping-taxable","12":"purchasable","13":"product-type-simple"},"aioseo_notices":[],"_links":{"self":[{"href":"https:\/\/remot.org\/cs\/wp-json\/wp\/v2\/product\/1843","targetHints":{"allow":["GET"]}}],"collection":[{"href":"https:\/\/remot.org\/cs\/wp-json\/wp\/v2\/product"}],"about":[{"href":"https:\/\/remot.org\/cs\/wp-json\/wp\/v2\/types\/product"}],"wp:featuredmedia":[{"embeddable":true,"href":"https:\/\/remot.org\/cs\/wp-json\/wp\/v2\/media\/1838"}],"wp:attachment":[{"href":"https:\/\/remot.org\/cs\/wp-json\/wp\/v2\/media?parent=1843"}],"wp:term":[{"taxonomy":"product_brand","embeddable":true,"href":"https:\/\/remot.org\/cs\/wp-json\/wp\/v2\/product_brand?post=1843"},{"taxonomy":"product_cat","embeddable":true,"href":"https:\/\/remot.org\/cs\/wp-json\/wp\/v2\/product_cat?post=1843"},{"taxonomy":"product_tag","embeddable":true,"href":"https:\/\/remot.org\/cs\/wp-json\/wp\/v2\/product_tag?post=1843"}],"curies":[{"name":"wp","href":"https:\/\/api.w.org\/{rel}","templated":true}]}}