{"id":1805,"date":"2025-09-10T10:53:23","date_gmt":"2025-09-10T08:53:23","guid":{"rendered":"https:\/\/remot.org\/?post_type=product&#038;p=1805"},"modified":"2025-09-10T10:55:57","modified_gmt":"2025-09-10T08:55:57","slug":"kompletne-packy","status":"publish","type":"product","link":"https:\/\/remot.org\/cs\/eshop\/tatran-125\/kompletne-packy\/","title":{"rendered":"Kompletn\u00e9 p\u00e1\u010dky"},"content":{"rendered":"<p>Uveden\u00e1 cena je za komplet p\u00e1r so skrutkami a puzdrami<\/p>","protected":false},"excerpt":{"rendered":"<p>Uveden\u00e1 cena je za komplet p\u00e1r so skrutkami a puzdrami<\/p>","protected":false},"featured_media":1806,"template":"","meta":[],"product_brand":[],"product_cat":[60],"product_tag":[],"class_list":{"0":"post-1805","1":"product","2":"type-product","3":"status-publish","4":"has-post-thumbnail","6":"product_cat-tatran-125","8":"first","9":"instock","10":"taxable","11":"shipping-taxable","12":"purchasable","13":"product-type-simple"},"aioseo_notices":[],"_links":{"self":[{"href":"https:\/\/remot.org\/cs\/wp-json\/wp\/v2\/product\/1805","targetHints":{"allow":["GET"]}}],"collection":[{"href":"https:\/\/remot.org\/cs\/wp-json\/wp\/v2\/product"}],"about":[{"href":"https:\/\/remot.org\/cs\/wp-json\/wp\/v2\/types\/product"}],"wp:featuredmedia":[{"embeddable":true,"href":"https:\/\/remot.org\/cs\/wp-json\/wp\/v2\/media\/1806"}],"wp:attachment":[{"href":"https:\/\/remot.org\/cs\/wp-json\/wp\/v2\/media?parent=1805"}],"wp:term":[{"taxonomy":"product_brand","embeddable":true,"href":"https:\/\/remot.org\/cs\/wp-json\/wp\/v2\/product_brand?post=1805"},{"taxonomy":"product_cat","embeddable":true,"href":"https:\/\/remot.org\/cs\/wp-json\/wp\/v2\/product_cat?post=1805"},{"taxonomy":"product_tag","embeddable":true,"href":"https:\/\/remot.org\/cs\/wp-json\/wp\/v2\/product_tag?post=1805"}],"curies":[{"name":"wp","href":"https:\/\/api.w.org\/{rel}","templated":true}]}}