{"id":1762,"date":"2025-08-22T15:20:15","date_gmt":"2025-08-22T13:20:15","guid":{"rendered":"https:\/\/remot.org\/?post_type=product&#038;p=1762"},"modified":"2025-08-22T15:23:29","modified_gmt":"2025-08-22T13:23:29","slug":"matica-s-podlozkou-na-spinacku","status":"publish","type":"product","link":"https:\/\/remot.org\/cs\/eshop\/jawa-libenak\/matica-s-podlozkou-na-spinacku\/","title":{"rendered":"Matica s podlo\u017ekou na sp\u00edna\u010dku"},"content":{"rendered":"","protected":false},"excerpt":{"rendered":"","protected":false},"featured_media":1763,"template":"","meta":[],"product_brand":[],"product_cat":[55,19,20,21,22,23,24,25,27,29,30,16],"product_tag":[],"class_list":{"0":"post-1762","1":"product","2":"type-product","3":"status-publish","4":"has-post-thumbnail","6":"product_cat-jawa-libenak","7":"product_cat-cz-125-t-a-cz-125-b","8":"product_cat-cz-150-c","9":"product_cat-cz-175-450-470","10":"product_cat-cz-175-487-477","11":"product_cat-cz-175-501-502","12":"product_cat-cz-250-455","13":"product_cat-jawa-250-350","14":"product_cat-jawa-500-ohc","15":"product_cat-jawa-californian","16":"product_cat-jawa-cz-175-356","17":"product_cat-jawa-perak","19":"first","20":"instock","21":"taxable","22":"shipping-taxable","23":"purchasable","24":"product-type-simple"},"aioseo_notices":[],"_links":{"self":[{"href":"https:\/\/remot.org\/cs\/wp-json\/wp\/v2\/product\/1762","targetHints":{"allow":["GET"]}}],"collection":[{"href":"https:\/\/remot.org\/cs\/wp-json\/wp\/v2\/product"}],"about":[{"href":"https:\/\/remot.org\/cs\/wp-json\/wp\/v2\/types\/product"}],"wp:featuredmedia":[{"embeddable":true,"href":"https:\/\/remot.org\/cs\/wp-json\/wp\/v2\/media\/1763"}],"wp:attachment":[{"href":"https:\/\/remot.org\/cs\/wp-json\/wp\/v2\/media?parent=1762"}],"wp:term":[{"taxonomy":"product_brand","embeddable":true,"href":"https:\/\/remot.org\/cs\/wp-json\/wp\/v2\/product_brand?post=1762"},{"taxonomy":"product_cat","embeddable":true,"href":"https:\/\/remot.org\/cs\/wp-json\/wp\/v2\/product_cat?post=1762"},{"taxonomy":"product_tag","embeddable":true,"href":"https:\/\/remot.org\/cs\/wp-json\/wp\/v2\/product_tag?post=1762"}],"curies":[{"name":"wp","href":"https:\/\/api.w.org\/{rel}","templated":true}]}}