{"id":1760,"date":"2025-08-20T17:08:24","date_gmt":"2025-08-20T15:08:24","guid":{"rendered":"https:\/\/remot.org\/?post_type=product&#038;p=1760"},"modified":"2025-08-20T17:09:07","modified_gmt":"2025-08-20T15:09:07","slug":"puzdro-klzaku","status":"publish","type":"product","link":"https:\/\/remot.org\/cs\/eshop\/cz-150-c\/puzdro-klzaku\/","title":{"rendered":"Puzdro klz\u00e1ku priemer 45 mm"},"content":{"rendered":"<p>Celkov\u00e1 d\u013a\u017eka je 57 mm<\/p>","protected":false},"excerpt":{"rendered":"<p>Celkov\u00e1 d\u013a\u017eka je 57 mm<\/p>","protected":false},"featured_media":1755,"template":"","meta":[],"product_brand":[],"product_cat":[20,27,16],"product_tag":[],"class_list":{"0":"post-1760","1":"product","2":"type-product","3":"status-publish","4":"has-post-thumbnail","6":"product_cat-cz-150-c","7":"product_cat-jawa-500-ohc","8":"product_cat-jawa-perak","10":"first","11":"instock","12":"taxable","13":"shipping-taxable","14":"purchasable","15":"product-type-simple"},"aioseo_notices":[],"_links":{"self":[{"href":"https:\/\/remot.org\/cs\/wp-json\/wp\/v2\/product\/1760","targetHints":{"allow":["GET"]}}],"collection":[{"href":"https:\/\/remot.org\/cs\/wp-json\/wp\/v2\/product"}],"about":[{"href":"https:\/\/remot.org\/cs\/wp-json\/wp\/v2\/types\/product"}],"wp:featuredmedia":[{"embeddable":true,"href":"https:\/\/remot.org\/cs\/wp-json\/wp\/v2\/media\/1755"}],"wp:attachment":[{"href":"https:\/\/remot.org\/cs\/wp-json\/wp\/v2\/media?parent=1760"}],"wp:term":[{"taxonomy":"product_brand","embeddable":true,"href":"https:\/\/remot.org\/cs\/wp-json\/wp\/v2\/product_brand?post=1760"},{"taxonomy":"product_cat","embeddable":true,"href":"https:\/\/remot.org\/cs\/wp-json\/wp\/v2\/product_cat?post=1760"},{"taxonomy":"product_tag","embeddable":true,"href":"https:\/\/remot.org\/cs\/wp-json\/wp\/v2\/product_tag?post=1760"}],"curies":[{"name":"wp","href":"https:\/\/api.w.org\/{rel}","templated":true}]}}