{"id":1758,"date":"2025-08-20T17:07:00","date_gmt":"2025-08-20T15:07:00","guid":{"rendered":"https:\/\/remot.org\/?post_type=product&#038;p=1758"},"modified":"2025-08-20T17:07:01","modified_gmt":"2025-08-20T15:07:01","slug":"puzdro-klzaku-zfrezovane","status":"publish","type":"product","link":"https:\/\/remot.org\/cs\/eshop\/cz-150-c\/puzdro-klzaku-zfrezovane\/","title":{"rendered":"Puzdro klz\u00e1ku zfrezovan\u00e9"},"content":{"rendered":"<p>Celkov\u00e1 d\u013a\u017eka je 57 mm<\/p>","protected":false},"excerpt":{"rendered":"<p>Celkov\u00e1 d\u013a\u017eka je 57 mm<\/p>","protected":false},"featured_media":1756,"template":"","meta":[],"product_brand":[],"product_cat":[20,27,16],"product_tag":[],"class_list":{"0":"post-1758","1":"product","2":"type-product","3":"status-publish","4":"has-post-thumbnail","6":"product_cat-cz-150-c","7":"product_cat-jawa-500-ohc","8":"product_cat-jawa-perak","10":"first","11":"instock","12":"taxable","13":"shipping-taxable","14":"purchasable","15":"product-type-simple"},"aioseo_notices":[],"_links":{"self":[{"href":"https:\/\/remot.org\/cs\/wp-json\/wp\/v2\/product\/1758","targetHints":{"allow":["GET"]}}],"collection":[{"href":"https:\/\/remot.org\/cs\/wp-json\/wp\/v2\/product"}],"about":[{"href":"https:\/\/remot.org\/cs\/wp-json\/wp\/v2\/types\/product"}],"wp:featuredmedia":[{"embeddable":true,"href":"https:\/\/remot.org\/cs\/wp-json\/wp\/v2\/media\/1756"}],"wp:attachment":[{"href":"https:\/\/remot.org\/cs\/wp-json\/wp\/v2\/media?parent=1758"}],"wp:term":[{"taxonomy":"product_brand","embeddable":true,"href":"https:\/\/remot.org\/cs\/wp-json\/wp\/v2\/product_brand?post=1758"},{"taxonomy":"product_cat","embeddable":true,"href":"https:\/\/remot.org\/cs\/wp-json\/wp\/v2\/product_cat?post=1758"},{"taxonomy":"product_tag","embeddable":true,"href":"https:\/\/remot.org\/cs\/wp-json\/wp\/v2\/product_tag?post=1758"}],"curies":[{"name":"wp","href":"https:\/\/api.w.org\/{rel}","templated":true}]}}