{"id":1646,"date":"2025-06-17T17:26:35","date_gmt":"2025-06-17T15:26:35","guid":{"rendered":"https:\/\/remot.org\/?post_type=product&#038;p=1646"},"modified":"2025-06-17T17:31:34","modified_gmt":"2025-06-17T15:31:34","slug":"matica-slapky-m10-x-1-lavy-zavit","status":"publish","type":"product","link":"https:\/\/remot.org\/cs\/eshop\/cz-98\/matica-slapky-m10-x-1-lavy-zavit\/","title":{"rendered":"Matica ped\u00e1lu M10 x 1 \u013eav\u00fd z\u00e1vit"},"content":{"rendered":"<blockquote><p>&nbsp;<\/p><\/blockquote>","protected":false},"excerpt":{"rendered":"<p>&nbsp;<\/p>","protected":false},"featured_media":1647,"template":"","meta":[],"product_brand":[],"product_cat":[46],"product_tag":[],"class_list":{"0":"post-1646","1":"product","2":"type-product","3":"status-publish","4":"has-post-thumbnail","6":"product_cat-cz-98","8":"first","9":"instock","10":"taxable","11":"shipping-taxable","12":"purchasable","13":"product-type-simple"},"aioseo_notices":[],"_links":{"self":[{"href":"https:\/\/remot.org\/cs\/wp-json\/wp\/v2\/product\/1646","targetHints":{"allow":["GET"]}}],"collection":[{"href":"https:\/\/remot.org\/cs\/wp-json\/wp\/v2\/product"}],"about":[{"href":"https:\/\/remot.org\/cs\/wp-json\/wp\/v2\/types\/product"}],"wp:featuredmedia":[{"embeddable":true,"href":"https:\/\/remot.org\/cs\/wp-json\/wp\/v2\/media\/1647"}],"wp:attachment":[{"href":"https:\/\/remot.org\/cs\/wp-json\/wp\/v2\/media?parent=1646"}],"wp:term":[{"taxonomy":"product_brand","embeddable":true,"href":"https:\/\/remot.org\/cs\/wp-json\/wp\/v2\/product_brand?post=1646"},{"taxonomy":"product_cat","embeddable":true,"href":"https:\/\/remot.org\/cs\/wp-json\/wp\/v2\/product_cat?post=1646"},{"taxonomy":"product_tag","embeddable":true,"href":"https:\/\/remot.org\/cs\/wp-json\/wp\/v2\/product_tag?post=1646"}],"curies":[{"name":"wp","href":"https:\/\/api.w.org\/{rel}","templated":true}]}}