{"id":1628,"date":"2025-05-30T15:13:13","date_gmt":"2025-05-30T13:13:13","guid":{"rendered":"https:\/\/remot.org\/?post_type=product&#038;p=1628"},"modified":"2025-05-30T15:15:50","modified_gmt":"2025-05-30T13:15:50","slug":"sada-skrutiek-lestena-nerez-2","status":"publish","type":"product","link":"https:\/\/remot.org\/cs\/eshop\/skoda-1000-mb\/sada-skrutiek-lestena-nerez-2\/","title":{"rendered":"Sada skrutiek le\u0161ten\u00e1 nerez"},"content":{"rendered":"<p>Sada obsahuje v\u0161etky vruty do plechu, skrutky s plochou dr\u00e1\u017ekou, tak isto aj 6 hran\u00e9 z le\u0161tenej nereze.<\/p>","protected":false},"excerpt":{"rendered":"<p>Sada obsahuje v\u0161etky vruty do plechu, skrutky s plochou dr\u00e1\u017ekou, tak isto aj 6 hran\u00e9 z le\u0161tenej nereze.<\/p>","protected":false},"featured_media":1520,"template":"","meta":[],"product_brand":[],"product_cat":[17],"product_tag":[54],"class_list":{"0":"post-1628","1":"product","2":"type-product","3":"status-publish","4":"has-post-thumbnail","6":"product_cat-skoda-1000-mb","7":"product_tag-sada-skrutiek-skoda-mb-1000","9":"first","10":"instock","11":"taxable","12":"shipping-taxable","13":"purchasable","14":"product-type-simple"},"aioseo_notices":[],"_links":{"self":[{"href":"https:\/\/remot.org\/cs\/wp-json\/wp\/v2\/product\/1628","targetHints":{"allow":["GET"]}}],"collection":[{"href":"https:\/\/remot.org\/cs\/wp-json\/wp\/v2\/product"}],"about":[{"href":"https:\/\/remot.org\/cs\/wp-json\/wp\/v2\/types\/product"}],"wp:featuredmedia":[{"embeddable":true,"href":"https:\/\/remot.org\/cs\/wp-json\/wp\/v2\/media\/1520"}],"wp:attachment":[{"href":"https:\/\/remot.org\/cs\/wp-json\/wp\/v2\/media?parent=1628"}],"wp:term":[{"taxonomy":"product_brand","embeddable":true,"href":"https:\/\/remot.org\/cs\/wp-json\/wp\/v2\/product_brand?post=1628"},{"taxonomy":"product_cat","embeddable":true,"href":"https:\/\/remot.org\/cs\/wp-json\/wp\/v2\/product_cat?post=1628"},{"taxonomy":"product_tag","embeddable":true,"href":"https:\/\/remot.org\/cs\/wp-json\/wp\/v2\/product_tag?post=1628"}],"curies":[{"name":"wp","href":"https:\/\/api.w.org\/{rel}","templated":true}]}}