{"id":1575,"date":"2025-05-08T12:18:12","date_gmt":"2025-05-08T10:18:12","guid":{"rendered":"https:\/\/remot.org\/?post_type=product&#038;p=1575"},"modified":"2025-05-08T12:18:47","modified_gmt":"2025-05-08T10:18:47","slug":"sada-skrutiek-cz-175-455-475","status":"publish","type":"product","link":"https:\/\/remot.org\/cs\/eshop\/cz-250-455\/sada-skrutiek-cz-175-455-475\/","title":{"rendered":"Sada skrutiek \u010cZ 175 \/ 455, 475"},"content":{"rendered":"<p>Pri objedn\u00e1vke treba uvies\u0165, \u010di m\u00e1te n\u00e1dr\u017e na silentblokoch, alebo uchyten\u00fa priamo k n\u00e1dr\u017ei.<\/p>","protected":false},"excerpt":{"rendered":"<p>Kompletn\u00e1 sada skrutiek a matic na \u010cZ 175\/450, 470<\/p>","protected":false},"featured_media":831,"template":"","meta":[],"product_brand":[],"product_cat":[24],"product_tag":[],"class_list":{"0":"post-1575","1":"product","2":"type-product","3":"status-publish","4":"has-post-thumbnail","6":"product_cat-cz-250-455","8":"first","9":"instock","10":"taxable","11":"shipping-taxable","12":"purchasable","13":"product-type-variable"},"aioseo_notices":[],"_links":{"self":[{"href":"https:\/\/remot.org\/cs\/wp-json\/wp\/v2\/product\/1575","targetHints":{"allow":["GET"]}}],"collection":[{"href":"https:\/\/remot.org\/cs\/wp-json\/wp\/v2\/product"}],"about":[{"href":"https:\/\/remot.org\/cs\/wp-json\/wp\/v2\/types\/product"}],"wp:featuredmedia":[{"embeddable":true,"href":"https:\/\/remot.org\/cs\/wp-json\/wp\/v2\/media\/831"}],"wp:attachment":[{"href":"https:\/\/remot.org\/cs\/wp-json\/wp\/v2\/media?parent=1575"}],"wp:term":[{"taxonomy":"product_brand","embeddable":true,"href":"https:\/\/remot.org\/cs\/wp-json\/wp\/v2\/product_brand?post=1575"},{"taxonomy":"product_cat","embeddable":true,"href":"https:\/\/remot.org\/cs\/wp-json\/wp\/v2\/product_cat?post=1575"},{"taxonomy":"product_tag","embeddable":true,"href":"https:\/\/remot.org\/cs\/wp-json\/wp\/v2\/product_tag?post=1575"}],"curies":[{"name":"wp","href":"https:\/\/api.w.org\/{rel}","templated":true}]}}