{"id":15,"date":"2023-02-12T16:49:40","date_gmt":"2023-02-12T15:49:40","guid":{"rendered":"http:\/\/1dum.cz\/?post_type=product&#038;p=15"},"modified":"2023-02-12T16:54:20","modified_gmt":"2023-02-12T15:54:20","slug":"prevlecna-matica-ventila","status":"publish","type":"product","link":"https:\/\/remot.org\/cs\/eshop\/cz-125-t-a-cz-125-b\/prevlecna-matica-ventila\/","title":{"rendered":"Prevle\u010dn\u00e1 matica ventila"},"content":{"rendered":"","protected":false},"excerpt":{"rendered":"<p>Prevle\u010dn\u00e1 matica M12x1,5 palivov\u00e9ho ventila<\/p>","protected":false},"featured_media":115,"template":"","meta":[],"product_brand":[],"product_cat":[19,20,16,33],"product_tag":[],"class_list":{"0":"post-15","1":"product","2":"type-product","3":"status-publish","4":"has-post-thumbnail","6":"product_cat-cz-125-t-a-cz-125-b","7":"product_cat-cz-150-c","8":"product_cat-jawa-perak","9":"product_cat-manet-90","11":"first","12":"instock","13":"taxable","14":"shipping-taxable","15":"purchasable","16":"product-type-simple"},"aioseo_notices":[],"_links":{"self":[{"href":"https:\/\/remot.org\/cs\/wp-json\/wp\/v2\/product\/15","targetHints":{"allow":["GET"]}}],"collection":[{"href":"https:\/\/remot.org\/cs\/wp-json\/wp\/v2\/product"}],"about":[{"href":"https:\/\/remot.org\/cs\/wp-json\/wp\/v2\/types\/product"}],"wp:featuredmedia":[{"embeddable":true,"href":"https:\/\/remot.org\/cs\/wp-json\/wp\/v2\/media\/115"}],"wp:attachment":[{"href":"https:\/\/remot.org\/cs\/wp-json\/wp\/v2\/media?parent=15"}],"wp:term":[{"taxonomy":"product_brand","embeddable":true,"href":"https:\/\/remot.org\/cs\/wp-json\/wp\/v2\/product_brand?post=15"},{"taxonomy":"product_cat","embeddable":true,"href":"https:\/\/remot.org\/cs\/wp-json\/wp\/v2\/product_cat?post=15"},{"taxonomy":"product_tag","embeddable":true,"href":"https:\/\/remot.org\/cs\/wp-json\/wp\/v2\/product_tag?post=15"}],"curies":[{"name":"wp","href":"https:\/\/api.w.org\/{rel}","templated":true}]}}