{"id":1419,"date":"2025-02-10T13:21:13","date_gmt":"2025-02-10T12:21:13","guid":{"rendered":"https:\/\/remot.org\/?post_type=product&#038;p=1419"},"modified":"2025-02-10T14:02:56","modified_gmt":"2025-02-10T13:02:56","slug":"krytka-kolesa","status":"publish","type":"product","link":"https:\/\/remot.org\/cs\/eshop\/manet-90\/krytka-kolesa\/","title":{"rendered":"Krytka kolesa"},"content":{"rendered":"<p lang=\"sk-SK\">Krytka zadn\u00e9ho a predn\u00e9ho kolesa, vonkaj\u0161\u00ed priemer 42mm. V pr\u00edpade verzie bez n\u00e1honu tachometra id\u00fa na moto 2ks.<\/p>","protected":false},"excerpt":{"rendered":"<p>Krytka zadn\u00e9ho a predn\u00e9ho kolesa, vonkaj\u0161\u00ed priemer 42mm. V pr\u00edpade verzie bez n\u00e1honu tachometra id\u00fa na moto 2ks.<\/p>","protected":false},"featured_media":1418,"template":"","meta":[],"product_brand":[],"product_cat":[33],"product_tag":[],"class_list":{"0":"post-1419","1":"product","2":"type-product","3":"status-publish","4":"has-post-thumbnail","6":"product_cat-manet-90","8":"first","9":"instock","10":"taxable","11":"shipping-taxable","12":"purchasable","13":"product-type-simple"},"aioseo_notices":[],"_links":{"self":[{"href":"https:\/\/remot.org\/cs\/wp-json\/wp\/v2\/product\/1419","targetHints":{"allow":["GET"]}}],"collection":[{"href":"https:\/\/remot.org\/cs\/wp-json\/wp\/v2\/product"}],"about":[{"href":"https:\/\/remot.org\/cs\/wp-json\/wp\/v2\/types\/product"}],"wp:featuredmedia":[{"embeddable":true,"href":"https:\/\/remot.org\/cs\/wp-json\/wp\/v2\/media\/1418"}],"wp:attachment":[{"href":"https:\/\/remot.org\/cs\/wp-json\/wp\/v2\/media?parent=1419"}],"wp:term":[{"taxonomy":"product_brand","embeddable":true,"href":"https:\/\/remot.org\/cs\/wp-json\/wp\/v2\/product_brand?post=1419"},{"taxonomy":"product_cat","embeddable":true,"href":"https:\/\/remot.org\/cs\/wp-json\/wp\/v2\/product_cat?post=1419"},{"taxonomy":"product_tag","embeddable":true,"href":"https:\/\/remot.org\/cs\/wp-json\/wp\/v2\/product_tag?post=1419"}],"curies":[{"name":"wp","href":"https:\/\/api.w.org\/{rel}","templated":true}]}}