{"id":1411,"date":"2025-02-03T11:03:20","date_gmt":"2025-02-03T10:03:20","guid":{"rendered":"https:\/\/remot.org\/?post_type=product&#038;p=1411"},"modified":"2025-02-03T11:03:20","modified_gmt":"2025-02-03T10:03:20","slug":"zatka-prednych-tlmicov","status":"publish","type":"product","link":"https:\/\/remot.org\/cs\/eshop\/jawa-90\/zatka-prednych-tlmicov\/","title":{"rendered":"Z\u00e1tka predn\u00fdch tlmi\u010dov"},"content":{"rendered":"","protected":false},"excerpt":{"rendered":"","protected":false},"featured_media":1412,"template":"","meta":[],"product_brand":[],"product_cat":[50],"product_tag":[],"class_list":{"0":"post-1411","1":"product","2":"type-product","3":"status-publish","4":"has-post-thumbnail","6":"product_cat-jawa-90","8":"first","9":"instock","10":"taxable","11":"shipping-taxable","12":"purchasable","13":"product-type-simple"},"aioseo_notices":[],"_links":{"self":[{"href":"https:\/\/remot.org\/cs\/wp-json\/wp\/v2\/product\/1411","targetHints":{"allow":["GET"]}}],"collection":[{"href":"https:\/\/remot.org\/cs\/wp-json\/wp\/v2\/product"}],"about":[{"href":"https:\/\/remot.org\/cs\/wp-json\/wp\/v2\/types\/product"}],"wp:featuredmedia":[{"embeddable":true,"href":"https:\/\/remot.org\/cs\/wp-json\/wp\/v2\/media\/1412"}],"wp:attachment":[{"href":"https:\/\/remot.org\/cs\/wp-json\/wp\/v2\/media?parent=1411"}],"wp:term":[{"taxonomy":"product_brand","embeddable":true,"href":"https:\/\/remot.org\/cs\/wp-json\/wp\/v2\/product_brand?post=1411"},{"taxonomy":"product_cat","embeddable":true,"href":"https:\/\/remot.org\/cs\/wp-json\/wp\/v2\/product_cat?post=1411"},{"taxonomy":"product_tag","embeddable":true,"href":"https:\/\/remot.org\/cs\/wp-json\/wp\/v2\/product_tag?post=1411"}],"curies":[{"name":"wp","href":"https:\/\/api.w.org\/{rel}","templated":true}]}}