{"id":114,"date":"2023-02-12T16:54:11","date_gmt":"2023-02-12T15:54:11","guid":{"rendered":"http:\/\/1dum.cz\/?post_type=product&#038;p=114"},"modified":"2025-02-02T23:58:37","modified_gmt":"2025-02-02T22:58:37","slug":"skrutka-prepinaca-svetla-m3-5x28-origo","status":"publish","type":"product","link":"https:\/\/remot.org\/cs\/eshop\/cz-125-t-a-cz-125-b\/skrutka-prepinaca-svetla-m3-5x28-origo\/","title":{"rendered":"Skrutka prep\u00edna\u010da svetla M3.5x28"},"content":{"rendered":"","protected":false},"excerpt":{"rendered":"<p>Skrutka vyr\u00e1ban\u00e1 pod\u013ea origin\u00e1lu<\/p>","protected":false},"featured_media":165,"template":"","meta":[],"product_brand":[],"product_cat":[19,20,21,22,23,24,25,27,29,30],"product_tag":[],"class_list":{"0":"post-114","1":"product","2":"type-product","3":"status-publish","4":"has-post-thumbnail","6":"product_cat-cz-125-t-a-cz-125-b","7":"product_cat-cz-150-c","8":"product_cat-cz-175-450-470","9":"product_cat-cz-175-487-477","10":"product_cat-cz-175-501-502","11":"product_cat-cz-250-455","12":"product_cat-jawa-250-350","13":"product_cat-jawa-500-ohc","14":"product_cat-jawa-californian","15":"product_cat-jawa-cz-175-356","17":"first","18":"instock","19":"taxable","20":"shipping-taxable","21":"purchasable","22":"product-type-simple"},"aioseo_notices":[],"_links":{"self":[{"href":"https:\/\/remot.org\/cs\/wp-json\/wp\/v2\/product\/114","targetHints":{"allow":["GET"]}}],"collection":[{"href":"https:\/\/remot.org\/cs\/wp-json\/wp\/v2\/product"}],"about":[{"href":"https:\/\/remot.org\/cs\/wp-json\/wp\/v2\/types\/product"}],"wp:featuredmedia":[{"embeddable":true,"href":"https:\/\/remot.org\/cs\/wp-json\/wp\/v2\/media\/165"}],"wp:attachment":[{"href":"https:\/\/remot.org\/cs\/wp-json\/wp\/v2\/media?parent=114"}],"wp:term":[{"taxonomy":"product_brand","embeddable":true,"href":"https:\/\/remot.org\/cs\/wp-json\/wp\/v2\/product_brand?post=114"},{"taxonomy":"product_cat","embeddable":true,"href":"https:\/\/remot.org\/cs\/wp-json\/wp\/v2\/product_cat?post=114"},{"taxonomy":"product_tag","embeddable":true,"href":"https:\/\/remot.org\/cs\/wp-json\/wp\/v2\/product_tag?post=114"}],"curies":[{"name":"wp","href":"https:\/\/api.w.org\/{rel}","templated":true}]}}